{"id":38047,"date":"2025-01-12T18:44:16","date_gmt":"2025-01-12T17:44:16","guid":{"rendered":"https:\/\/www.1000gustos.com\/?post_type=product&#038;p=38047"},"modified":"2026-02-03T13:20:31","modified_gmt":"2026-02-03T12:20:31","slug":"melmelada-de-pressec","status":"publish","type":"product","link":"https:\/\/www.1000gustos.com\/es\/producte\/melmelada-de-pressec\/","title":{"rendered":"Melmelada de Pr\u00e9ssec"},"content":{"rendered":"<div>\n<div>Pr\u00e9ssecs de collita pr\u00f2pia i collits en temporada. La confitura reflecteix totes les propietats dels pr\u00e9ssecs i al saborejar-la quedem immersos en un plaer de sabor i d\u2019aroma molt particular.<\/div>\n<div><\/div>\n<\/div>\n<p><strong>Ingredients<\/strong>: <span style=\"background-color: var(--theme-color-bg_color); color: var(--theme-color-text); font-size: var(--theme-font-p_font-size); font-style: var(--theme-font-p_font-style); font-weight: var(--theme-font-p_font-weight); letter-spacing: var(--theme-font-p_letter-spacing); text-transform: var(--theme-font-p_text-transform);\">Pr\u00e9ssec*, sucre i suc de llima*<\/span><\/p>\n<blockquote><p>*De collita pr\u00f2pia<\/p><\/blockquote>\n","protected":false},"excerpt":{"rendered":"<div>\n<div>Sabor i aromes peculiars<\/div>\n<\/div>\n","protected":false},"featured_media":38210,"template":"","meta":{"_acf_changed":false},"product_brand":[],"product_cat":[300],"product_tag":[334],"class_list":{"0":"post-38047","1":"product","2":"type-product","3":"status-publish","4":"has-post-thumbnail","6":"product_cat-melmelades","7":"product_tag-pressec","9":"first","10":"instock","11":"shipping-taxable","12":"purchasable","13":"product-type-simple"},"acf":[],"yoast_head":"<!-- This site is optimized with the Yoast SEO plugin v27.5 - https:\/\/yoast.com\/product\/yoast-seo-wordpress\/ -->\n<title>Melmelada de Pr\u00e9ssec - 1000gustos<\/title>\n<meta name=\"robots\" content=\"index, follow, max-snippet:-1, max-image-preview:large, max-video-preview:-1\" \/>\n<link rel=\"canonical\" href=\"https:\/\/www.1000gustos.com\/es\/producte\/melmelada-de-pressec\/\" \/>\n<meta property=\"og:locale\" content=\"es_ES\" \/>\n<meta property=\"og:type\" content=\"article\" \/>\n<meta property=\"og:title\" content=\"Melmelada de Pr\u00e9ssec - 1000gustos\" \/>\n<meta property=\"og:description\" content=\"Sabor i aromes peculiars\" \/>\n<meta property=\"og:url\" content=\"https:\/\/www.1000gustos.com\/es\/producte\/melmelada-de-pressec\/\" \/>\n<meta property=\"og:site_name\" content=\"1000gustos\" \/>\n<meta property=\"article:modified_time\" content=\"2026-02-03T12:20:31+00:00\" \/>\n<meta property=\"og:image\" content=\"https:\/\/www.1000gustos.com\/wp-content\/uploads\/2025\/01\/pre5.jpg\" \/>\n\t<meta property=\"og:image:width\" content=\"850\" \/>\n\t<meta property=\"og:image:height\" content=\"850\" \/>\n\t<meta property=\"og:image:type\" content=\"image\/jpeg\" \/>\n<meta name=\"twitter:card\" content=\"summary_large_image\" \/>\n<meta name=\"twitter:label1\" content=\"Tiempo de lectura\" \/>\n\t<meta name=\"twitter:data1\" content=\"1 minuto\" \/>\n<script type=\"application\/ld+json\" class=\"yoast-schema-graph\">{\"@context\":\"https:\\\/\\\/schema.org\",\"@graph\":[{\"@type\":\"WebPage\",\"@id\":\"https:\\\/\\\/www.1000gustos.com\\\/es\\\/producte\\\/melmelada-de-pressec\\\/\",\"url\":\"https:\\\/\\\/www.1000gustos.com\\\/es\\\/producte\\\/melmelada-de-pressec\\\/\",\"name\":\"Melmelada de Pr\u00e9ssec - 1000gustos\",\"isPartOf\":{\"@id\":\"https:\\\/\\\/www.1000gustos.com\\\/es\\\/#website\"},\"primaryImageOfPage\":{\"@id\":\"https:\\\/\\\/www.1000gustos.com\\\/es\\\/producte\\\/melmelada-de-pressec\\\/#primaryimage\"},\"image\":{\"@id\":\"https:\\\/\\\/www.1000gustos.com\\\/es\\\/producte\\\/melmelada-de-pressec\\\/#primaryimage\"},\"thumbnailUrl\":\"https:\\\/\\\/www.1000gustos.com\\\/wp-content\\\/uploads\\\/2025\\\/01\\\/pre5.jpg\",\"datePublished\":\"2025-01-12T17:44:16+00:00\",\"dateModified\":\"2026-02-03T12:20:31+00:00\",\"breadcrumb\":{\"@id\":\"https:\\\/\\\/www.1000gustos.com\\\/es\\\/producte\\\/melmelada-de-pressec\\\/#breadcrumb\"},\"inLanguage\":\"es\",\"potentialAction\":[{\"@type\":\"ReadAction\",\"target\":[\"https:\\\/\\\/www.1000gustos.com\\\/es\\\/producte\\\/melmelada-de-pressec\\\/\"]}]},{\"@type\":\"ImageObject\",\"inLanguage\":\"es\",\"@id\":\"https:\\\/\\\/www.1000gustos.com\\\/es\\\/producte\\\/melmelada-de-pressec\\\/#primaryimage\",\"url\":\"https:\\\/\\\/www.1000gustos.com\\\/wp-content\\\/uploads\\\/2025\\\/01\\\/pre5.jpg\",\"contentUrl\":\"https:\\\/\\\/www.1000gustos.com\\\/wp-content\\\/uploads\\\/2025\\\/01\\\/pre5.jpg\",\"width\":850,\"height\":850},{\"@type\":\"BreadcrumbList\",\"@id\":\"https:\\\/\\\/www.1000gustos.com\\\/es\\\/producte\\\/melmelada-de-pressec\\\/#breadcrumb\",\"itemListElement\":[{\"@type\":\"ListItem\",\"position\":1,\"name\":\"Home\",\"item\":\"https:\\\/\\\/www.1000gustos.com\\\/es\\\/\"},{\"@type\":\"ListItem\",\"position\":2,\"name\":\"Tienda\",\"item\":\"https:\\\/\\\/www.1000gustos.com\\\/es\\\/tienda\\\/\"},{\"@type\":\"ListItem\",\"position\":3,\"name\":\"Melmelada de Pr\u00e9ssec\"}]},{\"@type\":\"WebSite\",\"@id\":\"https:\\\/\\\/www.1000gustos.com\\\/es\\\/#website\",\"url\":\"https:\\\/\\\/www.1000gustos.com\\\/es\\\/\",\"name\":\"1000gustos\",\"description\":\"Melmelades i conserves artesanes\",\"publisher\":{\"@id\":\"https:\\\/\\\/www.1000gustos.com\\\/es\\\/#organization\"},\"potentialAction\":[{\"@type\":\"SearchAction\",\"target\":{\"@type\":\"EntryPoint\",\"urlTemplate\":\"https:\\\/\\\/www.1000gustos.com\\\/es\\\/?s={search_term_string}\"},\"query-input\":{\"@type\":\"PropertyValueSpecification\",\"valueRequired\":true,\"valueName\":\"search_term_string\"}}],\"inLanguage\":\"es\"},{\"@type\":\"Organization\",\"@id\":\"https:\\\/\\\/www.1000gustos.com\\\/es\\\/#organization\",\"name\":\"1000gustos\",\"url\":\"https:\\\/\\\/www.1000gustos.com\\\/es\\\/\",\"logo\":{\"@type\":\"ImageObject\",\"inLanguage\":\"es\",\"@id\":\"https:\\\/\\\/www.1000gustos.com\\\/es\\\/#\\\/schema\\\/logo\\\/image\\\/\",\"url\":\"https:\\\/\\\/www.1000gustos.com\\\/wp-content\\\/uploads\\\/2024\\\/09\\\/cropped-icon.png\",\"contentUrl\":\"https:\\\/\\\/www.1000gustos.com\\\/wp-content\\\/uploads\\\/2024\\\/09\\\/cropped-icon.png\",\"width\":512,\"height\":512,\"caption\":\"1000gustos\"},\"image\":{\"@id\":\"https:\\\/\\\/www.1000gustos.com\\\/es\\\/#\\\/schema\\\/logo\\\/image\\\/\"},\"sameAs\":[\"https:\\\/\\\/www.instagram.com\\\/1000.gustos\"]}]}<\/script>\n<!-- \/ Yoast SEO plugin. -->","yoast_head_json":{"title":"Melmelada de Pr\u00e9ssec - 1000gustos","robots":{"index":"index","follow":"follow","max-snippet":"max-snippet:-1","max-image-preview":"max-image-preview:large","max-video-preview":"max-video-preview:-1"},"canonical":"https:\/\/www.1000gustos.com\/es\/producte\/melmelada-de-pressec\/","og_locale":"es_ES","og_type":"article","og_title":"Melmelada de Pr\u00e9ssec - 1000gustos","og_description":"Sabor i aromes peculiars","og_url":"https:\/\/www.1000gustos.com\/es\/producte\/melmelada-de-pressec\/","og_site_name":"1000gustos","article_modified_time":"2026-02-03T12:20:31+00:00","og_image":[{"width":850,"height":850,"url":"https:\/\/www.1000gustos.com\/wp-content\/uploads\/2025\/01\/pre5.jpg","type":"image\/jpeg"}],"twitter_card":"summary_large_image","twitter_misc":{"Tiempo de lectura":"1 minuto"},"schema":{"@context":"https:\/\/schema.org","@graph":[{"@type":"WebPage","@id":"https:\/\/www.1000gustos.com\/es\/producte\/melmelada-de-pressec\/","url":"https:\/\/www.1000gustos.com\/es\/producte\/melmelada-de-pressec\/","name":"Melmelada de Pr\u00e9ssec - 1000gustos","isPartOf":{"@id":"https:\/\/www.1000gustos.com\/es\/#website"},"primaryImageOfPage":{"@id":"https:\/\/www.1000gustos.com\/es\/producte\/melmelada-de-pressec\/#primaryimage"},"image":{"@id":"https:\/\/www.1000gustos.com\/es\/producte\/melmelada-de-pressec\/#primaryimage"},"thumbnailUrl":"https:\/\/www.1000gustos.com\/wp-content\/uploads\/2025\/01\/pre5.jpg","datePublished":"2025-01-12T17:44:16+00:00","dateModified":"2026-02-03T12:20:31+00:00","breadcrumb":{"@id":"https:\/\/www.1000gustos.com\/es\/producte\/melmelada-de-pressec\/#breadcrumb"},"inLanguage":"es","potentialAction":[{"@type":"ReadAction","target":["https:\/\/www.1000gustos.com\/es\/producte\/melmelada-de-pressec\/"]}]},{"@type":"ImageObject","inLanguage":"es","@id":"https:\/\/www.1000gustos.com\/es\/producte\/melmelada-de-pressec\/#primaryimage","url":"https:\/\/www.1000gustos.com\/wp-content\/uploads\/2025\/01\/pre5.jpg","contentUrl":"https:\/\/www.1000gustos.com\/wp-content\/uploads\/2025\/01\/pre5.jpg","width":850,"height":850},{"@type":"BreadcrumbList","@id":"https:\/\/www.1000gustos.com\/es\/producte\/melmelada-de-pressec\/#breadcrumb","itemListElement":[{"@type":"ListItem","position":1,"name":"Home","item":"https:\/\/www.1000gustos.com\/es\/"},{"@type":"ListItem","position":2,"name":"Tienda","item":"https:\/\/www.1000gustos.com\/es\/tienda\/"},{"@type":"ListItem","position":3,"name":"Melmelada de Pr\u00e9ssec"}]},{"@type":"WebSite","@id":"https:\/\/www.1000gustos.com\/es\/#website","url":"https:\/\/www.1000gustos.com\/es\/","name":"1000gustos","description":"Melmelades i conserves artesanes","publisher":{"@id":"https:\/\/www.1000gustos.com\/es\/#organization"},"potentialAction":[{"@type":"SearchAction","target":{"@type":"EntryPoint","urlTemplate":"https:\/\/www.1000gustos.com\/es\/?s={search_term_string}"},"query-input":{"@type":"PropertyValueSpecification","valueRequired":true,"valueName":"search_term_string"}}],"inLanguage":"es"},{"@type":"Organization","@id":"https:\/\/www.1000gustos.com\/es\/#organization","name":"1000gustos","url":"https:\/\/www.1000gustos.com\/es\/","logo":{"@type":"ImageObject","inLanguage":"es","@id":"https:\/\/www.1000gustos.com\/es\/#\/schema\/logo\/image\/","url":"https:\/\/www.1000gustos.com\/wp-content\/uploads\/2024\/09\/cropped-icon.png","contentUrl":"https:\/\/www.1000gustos.com\/wp-content\/uploads\/2024\/09\/cropped-icon.png","width":512,"height":512,"caption":"1000gustos"},"image":{"@id":"https:\/\/www.1000gustos.com\/es\/#\/schema\/logo\/image\/"},"sameAs":["https:\/\/www.instagram.com\/1000.gustos"]}]}},"_links":{"self":[{"href":"https:\/\/www.1000gustos.com\/es\/wp-json\/wp\/v2\/product\/38047","targetHints":{"allow":["GET"]}}],"collection":[{"href":"https:\/\/www.1000gustos.com\/es\/wp-json\/wp\/v2\/product"}],"about":[{"href":"https:\/\/www.1000gustos.com\/es\/wp-json\/wp\/v2\/types\/product"}],"wp:featuredmedia":[{"embeddable":true,"href":"https:\/\/www.1000gustos.com\/es\/wp-json\/wp\/v2\/media\/38210"}],"wp:attachment":[{"href":"https:\/\/www.1000gustos.com\/es\/wp-json\/wp\/v2\/media?parent=38047"}],"wp:term":[{"taxonomy":"product_brand","embeddable":true,"href":"https:\/\/www.1000gustos.com\/es\/wp-json\/wp\/v2\/product_brand?post=38047"},{"taxonomy":"product_cat","embeddable":true,"href":"https:\/\/www.1000gustos.com\/es\/wp-json\/wp\/v2\/product_cat?post=38047"},{"taxonomy":"product_tag","embeddable":true,"href":"https:\/\/www.1000gustos.com\/es\/wp-json\/wp\/v2\/product_tag?post=38047"}],"curies":[{"name":"wp","href":"https:\/\/api.w.org\/{rel}","templated":true}]}}