{"id":38026,"date":"2025-01-12T17:20:05","date_gmt":"2025-01-12T16:20:05","guid":{"rendered":"https:\/\/www.1000gustos.com\/?post_type=product&#038;p=38026"},"modified":"2026-02-25T18:41:12","modified_gmt":"2026-02-25T17:41:12","slug":"melmelada-de-mancana-de-lagredolc","status":"publish","type":"product","link":"https:\/\/www.1000gustos.com\/es\/producte\/melmelada-de-mancana-de-lagredolc\/","title":{"rendered":"Melmelada de Man\u00e7ana de l&#8217;Agredol\u00e7"},"content":{"rendered":"<p>Man\u00e7anes molt apreciades al territori, ja que s\u00f3n aut\u00f2ctones de la zona i molt utilitzades per a fer c\u00f3cs d\u2019estiu. Collides de man\u00e7aneres plantades al nostre hort, s\u00f3n molt poc productives i per aix\u00f2 molt dif\u00edcils de trobar. Queda una confitura en un toc agredol\u00e7 molt peculiar.<\/p>\n<p><strong>Ingredients<\/strong>: Man\u00e7ana de l&#8217;agredol\u00e7*, sucre i suc de llima*<\/p>\n<blockquote><p>*De collita pr\u00f2pia<\/p><\/blockquote>\n","protected":false},"excerpt":{"rendered":"<div>\n<div>De man\u00e7aneres aut\u00f2ctones<\/div>\n<\/div>\n","protected":false},"featured_media":38226,"template":"","meta":{"_acf_changed":false},"product_brand":[],"product_cat":[300],"product_tag":[306],"class_list":{"0":"post-38026","1":"product","2":"type-product","3":"status-publish","4":"has-post-thumbnail","6":"product_cat-melmelades","7":"product_tag-mancana-de-lagredolc","9":"first","10":"instock","11":"shipping-taxable","12":"purchasable","13":"product-type-variable"},"acf":[],"yoast_head":"<!-- This site is optimized with the Yoast SEO plugin v27.5 - https:\/\/yoast.com\/product\/yoast-seo-wordpress\/ -->\n<title>Melmelada de Man\u00e7ana de l&#039;Agredol\u00e7 - 1000gustos<\/title>\n<meta name=\"robots\" content=\"index, follow, max-snippet:-1, max-image-preview:large, max-video-preview:-1\" \/>\n<link rel=\"canonical\" href=\"https:\/\/www.1000gustos.com\/es\/producte\/melmelada-de-mancana-de-lagredolc\/\" \/>\n<meta property=\"og:locale\" content=\"es_ES\" \/>\n<meta property=\"og:type\" content=\"article\" \/>\n<meta property=\"og:title\" content=\"Melmelada de Man\u00e7ana de l&#039;Agredol\u00e7 - 1000gustos\" \/>\n<meta property=\"og:description\" content=\"De man\u00e7aneres aut\u00f2ctones\" \/>\n<meta property=\"og:url\" content=\"https:\/\/www.1000gustos.com\/es\/producte\/melmelada-de-mancana-de-lagredolc\/\" \/>\n<meta property=\"og:site_name\" content=\"1000gustos\" \/>\n<meta property=\"article:modified_time\" content=\"2026-02-25T17:41:12+00:00\" \/>\n<meta property=\"og:image\" content=\"https:\/\/www.1000gustos.com\/wp-content\/uploads\/2025\/01\/madBS.jpg\" \/>\n\t<meta property=\"og:image:width\" content=\"850\" \/>\n\t<meta property=\"og:image:height\" content=\"850\" \/>\n\t<meta property=\"og:image:type\" content=\"image\/jpeg\" \/>\n<meta name=\"twitter:card\" content=\"summary_large_image\" \/>\n<meta name=\"twitter:label1\" content=\"Tiempo de lectura\" \/>\n\t<meta name=\"twitter:data1\" content=\"1 minuto\" \/>\n<script type=\"application\/ld+json\" class=\"yoast-schema-graph\">{\"@context\":\"https:\\\/\\\/schema.org\",\"@graph\":[{\"@type\":\"WebPage\",\"@id\":\"https:\\\/\\\/www.1000gustos.com\\\/es\\\/producte\\\/melmelada-de-mancana-de-lagredolc\\\/\",\"url\":\"https:\\\/\\\/www.1000gustos.com\\\/es\\\/producte\\\/melmelada-de-mancana-de-lagredolc\\\/\",\"name\":\"Melmelada de Man\u00e7ana de l'Agredol\u00e7 - 1000gustos\",\"isPartOf\":{\"@id\":\"https:\\\/\\\/www.1000gustos.com\\\/es\\\/#website\"},\"primaryImageOfPage\":{\"@id\":\"https:\\\/\\\/www.1000gustos.com\\\/es\\\/producte\\\/melmelada-de-mancana-de-lagredolc\\\/#primaryimage\"},\"image\":{\"@id\":\"https:\\\/\\\/www.1000gustos.com\\\/es\\\/producte\\\/melmelada-de-mancana-de-lagredolc\\\/#primaryimage\"},\"thumbnailUrl\":\"https:\\\/\\\/www.1000gustos.com\\\/wp-content\\\/uploads\\\/2025\\\/01\\\/madBS.jpg\",\"datePublished\":\"2025-01-12T16:20:05+00:00\",\"dateModified\":\"2026-02-25T17:41:12+00:00\",\"breadcrumb\":{\"@id\":\"https:\\\/\\\/www.1000gustos.com\\\/es\\\/producte\\\/melmelada-de-mancana-de-lagredolc\\\/#breadcrumb\"},\"inLanguage\":\"es\",\"potentialAction\":[{\"@type\":\"ReadAction\",\"target\":[\"https:\\\/\\\/www.1000gustos.com\\\/es\\\/producte\\\/melmelada-de-mancana-de-lagredolc\\\/\"]}]},{\"@type\":\"ImageObject\",\"inLanguage\":\"es\",\"@id\":\"https:\\\/\\\/www.1000gustos.com\\\/es\\\/producte\\\/melmelada-de-mancana-de-lagredolc\\\/#primaryimage\",\"url\":\"https:\\\/\\\/www.1000gustos.com\\\/wp-content\\\/uploads\\\/2025\\\/01\\\/madBS.jpg\",\"contentUrl\":\"https:\\\/\\\/www.1000gustos.com\\\/wp-content\\\/uploads\\\/2025\\\/01\\\/madBS.jpg\",\"width\":850,\"height\":850},{\"@type\":\"BreadcrumbList\",\"@id\":\"https:\\\/\\\/www.1000gustos.com\\\/es\\\/producte\\\/melmelada-de-mancana-de-lagredolc\\\/#breadcrumb\",\"itemListElement\":[{\"@type\":\"ListItem\",\"position\":1,\"name\":\"Home\",\"item\":\"https:\\\/\\\/www.1000gustos.com\\\/es\\\/\"},{\"@type\":\"ListItem\",\"position\":2,\"name\":\"Tienda\",\"item\":\"https:\\\/\\\/www.1000gustos.com\\\/es\\\/tienda\\\/\"},{\"@type\":\"ListItem\",\"position\":3,\"name\":\"Melmelada de Man\u00e7ana de l&#8217;Agredol\u00e7\"}]},{\"@type\":\"WebSite\",\"@id\":\"https:\\\/\\\/www.1000gustos.com\\\/es\\\/#website\",\"url\":\"https:\\\/\\\/www.1000gustos.com\\\/es\\\/\",\"name\":\"1000gustos\",\"description\":\"Melmelades i conserves artesanes\",\"publisher\":{\"@id\":\"https:\\\/\\\/www.1000gustos.com\\\/es\\\/#organization\"},\"potentialAction\":[{\"@type\":\"SearchAction\",\"target\":{\"@type\":\"EntryPoint\",\"urlTemplate\":\"https:\\\/\\\/www.1000gustos.com\\\/es\\\/?s={search_term_string}\"},\"query-input\":{\"@type\":\"PropertyValueSpecification\",\"valueRequired\":true,\"valueName\":\"search_term_string\"}}],\"inLanguage\":\"es\"},{\"@type\":\"Organization\",\"@id\":\"https:\\\/\\\/www.1000gustos.com\\\/es\\\/#organization\",\"name\":\"1000gustos\",\"url\":\"https:\\\/\\\/www.1000gustos.com\\\/es\\\/\",\"logo\":{\"@type\":\"ImageObject\",\"inLanguage\":\"es\",\"@id\":\"https:\\\/\\\/www.1000gustos.com\\\/es\\\/#\\\/schema\\\/logo\\\/image\\\/\",\"url\":\"https:\\\/\\\/www.1000gustos.com\\\/wp-content\\\/uploads\\\/2024\\\/09\\\/cropped-icon.png\",\"contentUrl\":\"https:\\\/\\\/www.1000gustos.com\\\/wp-content\\\/uploads\\\/2024\\\/09\\\/cropped-icon.png\",\"width\":512,\"height\":512,\"caption\":\"1000gustos\"},\"image\":{\"@id\":\"https:\\\/\\\/www.1000gustos.com\\\/es\\\/#\\\/schema\\\/logo\\\/image\\\/\"},\"sameAs\":[\"https:\\\/\\\/www.instagram.com\\\/1000.gustos\"]}]}<\/script>\n<!-- \/ Yoast SEO plugin. -->","yoast_head_json":{"title":"Melmelada de Man\u00e7ana de l'Agredol\u00e7 - 1000gustos","robots":{"index":"index","follow":"follow","max-snippet":"max-snippet:-1","max-image-preview":"max-image-preview:large","max-video-preview":"max-video-preview:-1"},"canonical":"https:\/\/www.1000gustos.com\/es\/producte\/melmelada-de-mancana-de-lagredolc\/","og_locale":"es_ES","og_type":"article","og_title":"Melmelada de Man\u00e7ana de l'Agredol\u00e7 - 1000gustos","og_description":"De man\u00e7aneres aut\u00f2ctones","og_url":"https:\/\/www.1000gustos.com\/es\/producte\/melmelada-de-mancana-de-lagredolc\/","og_site_name":"1000gustos","article_modified_time":"2026-02-25T17:41:12+00:00","og_image":[{"width":850,"height":850,"url":"https:\/\/www.1000gustos.com\/wp-content\/uploads\/2025\/01\/madBS.jpg","type":"image\/jpeg"}],"twitter_card":"summary_large_image","twitter_misc":{"Tiempo de lectura":"1 minuto"},"schema":{"@context":"https:\/\/schema.org","@graph":[{"@type":"WebPage","@id":"https:\/\/www.1000gustos.com\/es\/producte\/melmelada-de-mancana-de-lagredolc\/","url":"https:\/\/www.1000gustos.com\/es\/producte\/melmelada-de-mancana-de-lagredolc\/","name":"Melmelada de Man\u00e7ana de l'Agredol\u00e7 - 1000gustos","isPartOf":{"@id":"https:\/\/www.1000gustos.com\/es\/#website"},"primaryImageOfPage":{"@id":"https:\/\/www.1000gustos.com\/es\/producte\/melmelada-de-mancana-de-lagredolc\/#primaryimage"},"image":{"@id":"https:\/\/www.1000gustos.com\/es\/producte\/melmelada-de-mancana-de-lagredolc\/#primaryimage"},"thumbnailUrl":"https:\/\/www.1000gustos.com\/wp-content\/uploads\/2025\/01\/madBS.jpg","datePublished":"2025-01-12T16:20:05+00:00","dateModified":"2026-02-25T17:41:12+00:00","breadcrumb":{"@id":"https:\/\/www.1000gustos.com\/es\/producte\/melmelada-de-mancana-de-lagredolc\/#breadcrumb"},"inLanguage":"es","potentialAction":[{"@type":"ReadAction","target":["https:\/\/www.1000gustos.com\/es\/producte\/melmelada-de-mancana-de-lagredolc\/"]}]},{"@type":"ImageObject","inLanguage":"es","@id":"https:\/\/www.1000gustos.com\/es\/producte\/melmelada-de-mancana-de-lagredolc\/#primaryimage","url":"https:\/\/www.1000gustos.com\/wp-content\/uploads\/2025\/01\/madBS.jpg","contentUrl":"https:\/\/www.1000gustos.com\/wp-content\/uploads\/2025\/01\/madBS.jpg","width":850,"height":850},{"@type":"BreadcrumbList","@id":"https:\/\/www.1000gustos.com\/es\/producte\/melmelada-de-mancana-de-lagredolc\/#breadcrumb","itemListElement":[{"@type":"ListItem","position":1,"name":"Home","item":"https:\/\/www.1000gustos.com\/es\/"},{"@type":"ListItem","position":2,"name":"Tienda","item":"https:\/\/www.1000gustos.com\/es\/tienda\/"},{"@type":"ListItem","position":3,"name":"Melmelada de Man\u00e7ana de l&#8217;Agredol\u00e7"}]},{"@type":"WebSite","@id":"https:\/\/www.1000gustos.com\/es\/#website","url":"https:\/\/www.1000gustos.com\/es\/","name":"1000gustos","description":"Melmelades i conserves artesanes","publisher":{"@id":"https:\/\/www.1000gustos.com\/es\/#organization"},"potentialAction":[{"@type":"SearchAction","target":{"@type":"EntryPoint","urlTemplate":"https:\/\/www.1000gustos.com\/es\/?s={search_term_string}"},"query-input":{"@type":"PropertyValueSpecification","valueRequired":true,"valueName":"search_term_string"}}],"inLanguage":"es"},{"@type":"Organization","@id":"https:\/\/www.1000gustos.com\/es\/#organization","name":"1000gustos","url":"https:\/\/www.1000gustos.com\/es\/","logo":{"@type":"ImageObject","inLanguage":"es","@id":"https:\/\/www.1000gustos.com\/es\/#\/schema\/logo\/image\/","url":"https:\/\/www.1000gustos.com\/wp-content\/uploads\/2024\/09\/cropped-icon.png","contentUrl":"https:\/\/www.1000gustos.com\/wp-content\/uploads\/2024\/09\/cropped-icon.png","width":512,"height":512,"caption":"1000gustos"},"image":{"@id":"https:\/\/www.1000gustos.com\/es\/#\/schema\/logo\/image\/"},"sameAs":["https:\/\/www.instagram.com\/1000.gustos"]}]}},"_links":{"self":[{"href":"https:\/\/www.1000gustos.com\/es\/wp-json\/wp\/v2\/product\/38026","targetHints":{"allow":["GET"]}}],"collection":[{"href":"https:\/\/www.1000gustos.com\/es\/wp-json\/wp\/v2\/product"}],"about":[{"href":"https:\/\/www.1000gustos.com\/es\/wp-json\/wp\/v2\/types\/product"}],"wp:featuredmedia":[{"embeddable":true,"href":"https:\/\/www.1000gustos.com\/es\/wp-json\/wp\/v2\/media\/38226"}],"wp:attachment":[{"href":"https:\/\/www.1000gustos.com\/es\/wp-json\/wp\/v2\/media?parent=38026"}],"wp:term":[{"taxonomy":"product_brand","embeddable":true,"href":"https:\/\/www.1000gustos.com\/es\/wp-json\/wp\/v2\/product_brand?post=38026"},{"taxonomy":"product_cat","embeddable":true,"href":"https:\/\/www.1000gustos.com\/es\/wp-json\/wp\/v2\/product_cat?post=38026"},{"taxonomy":"product_tag","embeddable":true,"href":"https:\/\/www.1000gustos.com\/es\/wp-json\/wp\/v2\/product_tag?post=38026"}],"curies":[{"name":"wp","href":"https:\/\/api.w.org\/{rel}","templated":true}]}}