{"id":37843,"date":"2025-01-02T16:21:12","date_gmt":"2025-01-02T15:21:12","guid":{"rendered":"https:\/\/www.1000gustos.com\/?post_type=product&#038;p=37843"},"modified":"2026-02-03T13:20:32","modified_gmt":"2026-02-03T12:20:32","slug":"melmelada-de-taronja-amarga-en-flors-del-montsia-baixa-en-sucre","status":"publish","type":"product","link":"https:\/\/www.1000gustos.com\/es\/producte\/melmelada-de-taronja-amarga-en-flors-del-montsia-baixa-en-sucre\/","title":{"rendered":"Melmelada de Taronja Amarga en flors del Montsi\u00e0 baixa en sucre"},"content":{"rendered":"<div>\n<div>Fem la melmelada i confitura en molt d&#8217;amor treballant molt humilment al nostre obrador seguint la tradici\u00f3 de les nostres iaies.<\/div>\n<div><\/div>\n<\/div>\n<p>&nbsp;<\/p>\n<div>\n<div>\n<div>A la melmelada de taronja amarga li hem donat un toc molt arom\u00e0tic i subtil afegint-li flors de romer i tim\u00f3, molt comuns a la nostra serra i comarca del Montsi\u00e0. Li hem redu\u00eft el sucre i, tot i aix\u00f2, \u00e9s una combinaci\u00f3 brutal.<\/div>\n<p>&nbsp;<\/p>\n<div><\/div>\n<div>Aquesta combinaci\u00f3 els hi ha agradat molt al jurat del concurs m\u00e9s prestigi\u00f3s del m\u00f3n en melmelades el Dalemain Word Marmalade Awards celebrat al Regne Unit, que ens ha concedit una medalla de plata en l&#8217;edici\u00f3 de 2024.<\/div>\n<p>&nbsp;<\/p>\n<div style=\"text-align: center;\"><em>Estem molt orgullosos d&#8217;aquest reconeixement!!<\/em><\/div>\n<p>&nbsp;<\/p>\n<div><\/div>\n<\/div>\n<\/div>\n<div><\/div>\n<p><strong>Ingredients<\/strong>: <span style=\"background-color: var(--theme-color-bg_color); color: var(--theme-color-text); font-size: var(--theme-font-p_font-size); font-style: var(--theme-font-p_font-style); font-weight: var(--theme-font-p_font-weight); letter-spacing: var(--theme-font-p_letter-spacing); text-transform: var(--theme-font-p_text-transform);\">Taronja amarga*, sucre, flors de romer i tim\u00f3 i suc de llima*<\/span><\/p>\n<blockquote><p>*De collita pr\u00f2pia<\/p><\/blockquote>\n","protected":false},"excerpt":{"rendered":"<div>\n<div>Flors de la nostra serra<\/div>\n<\/div>\n","protected":false},"featured_media":38234,"template":"","meta":{"_acf_changed":false},"product_brand":[],"product_cat":[300],"product_tag":[332,347,313],"class_list":{"0":"post-37843","1":"product","2":"type-product","3":"status-publish","4":"has-post-thumbnail","6":"product_cat-melmelades","7":"product_tag-baix-en-sucre","8":"product_tag-flors-del-montsia","9":"product_tag-taronja-amarga","11":"first","12":"instock","13":"shipping-taxable","14":"purchasable","15":"product-type-variable"},"acf":[],"yoast_head":"<!-- This site is optimized with the Yoast SEO plugin v27.5 - https:\/\/yoast.com\/product\/yoast-seo-wordpress\/ -->\n<title>Melmelada de Taronja Amarga en flors del Montsi\u00e0 baixa en sucre - 1000gustos<\/title>\n<meta name=\"robots\" content=\"index, follow, max-snippet:-1, max-image-preview:large, max-video-preview:-1\" \/>\n<link rel=\"canonical\" href=\"https:\/\/www.1000gustos.com\/es\/producte\/melmelada-de-taronja-amarga-en-flors-del-montsia-baixa-en-sucre\/\" \/>\n<meta property=\"og:locale\" content=\"es_ES\" \/>\n<meta property=\"og:type\" content=\"article\" \/>\n<meta property=\"og:title\" content=\"Melmelada de Taronja Amarga en flors del Montsi\u00e0 baixa en sucre - 1000gustos\" \/>\n<meta property=\"og:description\" content=\"Flors de la nostra serra\" \/>\n<meta property=\"og:url\" content=\"https:\/\/www.1000gustos.com\/es\/producte\/melmelada-de-taronja-amarga-en-flors-del-montsia-baixa-en-sucre\/\" \/>\n<meta property=\"og:site_name\" content=\"1000gustos\" \/>\n<meta property=\"article:modified_time\" content=\"2026-02-03T12:20:32+00:00\" \/>\n<meta property=\"og:image\" content=\"https:\/\/www.1000gustos.com\/wp-content\/uploads\/2025\/01\/amaflors4.jpg\" \/>\n\t<meta property=\"og:image:width\" content=\"850\" \/>\n\t<meta property=\"og:image:height\" content=\"850\" \/>\n\t<meta property=\"og:image:type\" content=\"image\/jpeg\" \/>\n<meta name=\"twitter:card\" content=\"summary_large_image\" \/>\n<meta name=\"twitter:label1\" content=\"Tiempo de lectura\" \/>\n\t<meta name=\"twitter:data1\" content=\"1 minuto\" \/>\n<script type=\"application\/ld+json\" class=\"yoast-schema-graph\">{\"@context\":\"https:\\\/\\\/schema.org\",\"@graph\":[{\"@type\":\"WebPage\",\"@id\":\"https:\\\/\\\/www.1000gustos.com\\\/es\\\/producte\\\/melmelada-de-taronja-amarga-en-flors-del-montsia-baixa-en-sucre\\\/\",\"url\":\"https:\\\/\\\/www.1000gustos.com\\\/es\\\/producte\\\/melmelada-de-taronja-amarga-en-flors-del-montsia-baixa-en-sucre\\\/\",\"name\":\"Melmelada de Taronja Amarga en flors del Montsi\u00e0 baixa en sucre - 1000gustos\",\"isPartOf\":{\"@id\":\"https:\\\/\\\/www.1000gustos.com\\\/es\\\/#website\"},\"primaryImageOfPage\":{\"@id\":\"https:\\\/\\\/www.1000gustos.com\\\/es\\\/producte\\\/melmelada-de-taronja-amarga-en-flors-del-montsia-baixa-en-sucre\\\/#primaryimage\"},\"image\":{\"@id\":\"https:\\\/\\\/www.1000gustos.com\\\/es\\\/producte\\\/melmelada-de-taronja-amarga-en-flors-del-montsia-baixa-en-sucre\\\/#primaryimage\"},\"thumbnailUrl\":\"https:\\\/\\\/www.1000gustos.com\\\/wp-content\\\/uploads\\\/2025\\\/01\\\/amaflors4.jpg\",\"datePublished\":\"2025-01-02T15:21:12+00:00\",\"dateModified\":\"2026-02-03T12:20:32+00:00\",\"breadcrumb\":{\"@id\":\"https:\\\/\\\/www.1000gustos.com\\\/es\\\/producte\\\/melmelada-de-taronja-amarga-en-flors-del-montsia-baixa-en-sucre\\\/#breadcrumb\"},\"inLanguage\":\"es\",\"potentialAction\":[{\"@type\":\"ReadAction\",\"target\":[\"https:\\\/\\\/www.1000gustos.com\\\/es\\\/producte\\\/melmelada-de-taronja-amarga-en-flors-del-montsia-baixa-en-sucre\\\/\"]}]},{\"@type\":\"ImageObject\",\"inLanguage\":\"es\",\"@id\":\"https:\\\/\\\/www.1000gustos.com\\\/es\\\/producte\\\/melmelada-de-taronja-amarga-en-flors-del-montsia-baixa-en-sucre\\\/#primaryimage\",\"url\":\"https:\\\/\\\/www.1000gustos.com\\\/wp-content\\\/uploads\\\/2025\\\/01\\\/amaflors4.jpg\",\"contentUrl\":\"https:\\\/\\\/www.1000gustos.com\\\/wp-content\\\/uploads\\\/2025\\\/01\\\/amaflors4.jpg\",\"width\":850,\"height\":850},{\"@type\":\"BreadcrumbList\",\"@id\":\"https:\\\/\\\/www.1000gustos.com\\\/es\\\/producte\\\/melmelada-de-taronja-amarga-en-flors-del-montsia-baixa-en-sucre\\\/#breadcrumb\",\"itemListElement\":[{\"@type\":\"ListItem\",\"position\":1,\"name\":\"Home\",\"item\":\"https:\\\/\\\/www.1000gustos.com\\\/es\\\/\"},{\"@type\":\"ListItem\",\"position\":2,\"name\":\"Tienda\",\"item\":\"https:\\\/\\\/www.1000gustos.com\\\/es\\\/tienda\\\/\"},{\"@type\":\"ListItem\",\"position\":3,\"name\":\"Melmelada de Taronja Amarga en flors del Montsi\u00e0 baixa en sucre\"}]},{\"@type\":\"WebSite\",\"@id\":\"https:\\\/\\\/www.1000gustos.com\\\/es\\\/#website\",\"url\":\"https:\\\/\\\/www.1000gustos.com\\\/es\\\/\",\"name\":\"1000gustos\",\"description\":\"Melmelades i conserves artesanes\",\"publisher\":{\"@id\":\"https:\\\/\\\/www.1000gustos.com\\\/es\\\/#organization\"},\"potentialAction\":[{\"@type\":\"SearchAction\",\"target\":{\"@type\":\"EntryPoint\",\"urlTemplate\":\"https:\\\/\\\/www.1000gustos.com\\\/es\\\/?s={search_term_string}\"},\"query-input\":{\"@type\":\"PropertyValueSpecification\",\"valueRequired\":true,\"valueName\":\"search_term_string\"}}],\"inLanguage\":\"es\"},{\"@type\":\"Organization\",\"@id\":\"https:\\\/\\\/www.1000gustos.com\\\/es\\\/#organization\",\"name\":\"1000gustos\",\"url\":\"https:\\\/\\\/www.1000gustos.com\\\/es\\\/\",\"logo\":{\"@type\":\"ImageObject\",\"inLanguage\":\"es\",\"@id\":\"https:\\\/\\\/www.1000gustos.com\\\/es\\\/#\\\/schema\\\/logo\\\/image\\\/\",\"url\":\"https:\\\/\\\/www.1000gustos.com\\\/wp-content\\\/uploads\\\/2024\\\/09\\\/cropped-icon.png\",\"contentUrl\":\"https:\\\/\\\/www.1000gustos.com\\\/wp-content\\\/uploads\\\/2024\\\/09\\\/cropped-icon.png\",\"width\":512,\"height\":512,\"caption\":\"1000gustos\"},\"image\":{\"@id\":\"https:\\\/\\\/www.1000gustos.com\\\/es\\\/#\\\/schema\\\/logo\\\/image\\\/\"},\"sameAs\":[\"https:\\\/\\\/www.instagram.com\\\/1000.gustos\"]}]}<\/script>\n<!-- \/ Yoast SEO plugin. -->","yoast_head_json":{"title":"Melmelada de Taronja Amarga en flors del Montsi\u00e0 baixa en sucre - 1000gustos","robots":{"index":"index","follow":"follow","max-snippet":"max-snippet:-1","max-image-preview":"max-image-preview:large","max-video-preview":"max-video-preview:-1"},"canonical":"https:\/\/www.1000gustos.com\/es\/producte\/melmelada-de-taronja-amarga-en-flors-del-montsia-baixa-en-sucre\/","og_locale":"es_ES","og_type":"article","og_title":"Melmelada de Taronja Amarga en flors del Montsi\u00e0 baixa en sucre - 1000gustos","og_description":"Flors de la nostra serra","og_url":"https:\/\/www.1000gustos.com\/es\/producte\/melmelada-de-taronja-amarga-en-flors-del-montsia-baixa-en-sucre\/","og_site_name":"1000gustos","article_modified_time":"2026-02-03T12:20:32+00:00","og_image":[{"width":850,"height":850,"url":"https:\/\/www.1000gustos.com\/wp-content\/uploads\/2025\/01\/amaflors4.jpg","type":"image\/jpeg"}],"twitter_card":"summary_large_image","twitter_misc":{"Tiempo de lectura":"1 minuto"},"schema":{"@context":"https:\/\/schema.org","@graph":[{"@type":"WebPage","@id":"https:\/\/www.1000gustos.com\/es\/producte\/melmelada-de-taronja-amarga-en-flors-del-montsia-baixa-en-sucre\/","url":"https:\/\/www.1000gustos.com\/es\/producte\/melmelada-de-taronja-amarga-en-flors-del-montsia-baixa-en-sucre\/","name":"Melmelada de Taronja Amarga en flors del Montsi\u00e0 baixa en sucre - 1000gustos","isPartOf":{"@id":"https:\/\/www.1000gustos.com\/es\/#website"},"primaryImageOfPage":{"@id":"https:\/\/www.1000gustos.com\/es\/producte\/melmelada-de-taronja-amarga-en-flors-del-montsia-baixa-en-sucre\/#primaryimage"},"image":{"@id":"https:\/\/www.1000gustos.com\/es\/producte\/melmelada-de-taronja-amarga-en-flors-del-montsia-baixa-en-sucre\/#primaryimage"},"thumbnailUrl":"https:\/\/www.1000gustos.com\/wp-content\/uploads\/2025\/01\/amaflors4.jpg","datePublished":"2025-01-02T15:21:12+00:00","dateModified":"2026-02-03T12:20:32+00:00","breadcrumb":{"@id":"https:\/\/www.1000gustos.com\/es\/producte\/melmelada-de-taronja-amarga-en-flors-del-montsia-baixa-en-sucre\/#breadcrumb"},"inLanguage":"es","potentialAction":[{"@type":"ReadAction","target":["https:\/\/www.1000gustos.com\/es\/producte\/melmelada-de-taronja-amarga-en-flors-del-montsia-baixa-en-sucre\/"]}]},{"@type":"ImageObject","inLanguage":"es","@id":"https:\/\/www.1000gustos.com\/es\/producte\/melmelada-de-taronja-amarga-en-flors-del-montsia-baixa-en-sucre\/#primaryimage","url":"https:\/\/www.1000gustos.com\/wp-content\/uploads\/2025\/01\/amaflors4.jpg","contentUrl":"https:\/\/www.1000gustos.com\/wp-content\/uploads\/2025\/01\/amaflors4.jpg","width":850,"height":850},{"@type":"BreadcrumbList","@id":"https:\/\/www.1000gustos.com\/es\/producte\/melmelada-de-taronja-amarga-en-flors-del-montsia-baixa-en-sucre\/#breadcrumb","itemListElement":[{"@type":"ListItem","position":1,"name":"Home","item":"https:\/\/www.1000gustos.com\/es\/"},{"@type":"ListItem","position":2,"name":"Tienda","item":"https:\/\/www.1000gustos.com\/es\/tienda\/"},{"@type":"ListItem","position":3,"name":"Melmelada de Taronja Amarga en flors del Montsi\u00e0 baixa en sucre"}]},{"@type":"WebSite","@id":"https:\/\/www.1000gustos.com\/es\/#website","url":"https:\/\/www.1000gustos.com\/es\/","name":"1000gustos","description":"Melmelades i conserves artesanes","publisher":{"@id":"https:\/\/www.1000gustos.com\/es\/#organization"},"potentialAction":[{"@type":"SearchAction","target":{"@type":"EntryPoint","urlTemplate":"https:\/\/www.1000gustos.com\/es\/?s={search_term_string}"},"query-input":{"@type":"PropertyValueSpecification","valueRequired":true,"valueName":"search_term_string"}}],"inLanguage":"es"},{"@type":"Organization","@id":"https:\/\/www.1000gustos.com\/es\/#organization","name":"1000gustos","url":"https:\/\/www.1000gustos.com\/es\/","logo":{"@type":"ImageObject","inLanguage":"es","@id":"https:\/\/www.1000gustos.com\/es\/#\/schema\/logo\/image\/","url":"https:\/\/www.1000gustos.com\/wp-content\/uploads\/2024\/09\/cropped-icon.png","contentUrl":"https:\/\/www.1000gustos.com\/wp-content\/uploads\/2024\/09\/cropped-icon.png","width":512,"height":512,"caption":"1000gustos"},"image":{"@id":"https:\/\/www.1000gustos.com\/es\/#\/schema\/logo\/image\/"},"sameAs":["https:\/\/www.instagram.com\/1000.gustos"]}]}},"_links":{"self":[{"href":"https:\/\/www.1000gustos.com\/es\/wp-json\/wp\/v2\/product\/37843","targetHints":{"allow":["GET"]}}],"collection":[{"href":"https:\/\/www.1000gustos.com\/es\/wp-json\/wp\/v2\/product"}],"about":[{"href":"https:\/\/www.1000gustos.com\/es\/wp-json\/wp\/v2\/types\/product"}],"wp:featuredmedia":[{"embeddable":true,"href":"https:\/\/www.1000gustos.com\/es\/wp-json\/wp\/v2\/media\/38234"}],"wp:attachment":[{"href":"https:\/\/www.1000gustos.com\/es\/wp-json\/wp\/v2\/media?parent=37843"}],"wp:term":[{"taxonomy":"product_brand","embeddable":true,"href":"https:\/\/www.1000gustos.com\/es\/wp-json\/wp\/v2\/product_brand?post=37843"},{"taxonomy":"product_cat","embeddable":true,"href":"https:\/\/www.1000gustos.com\/es\/wp-json\/wp\/v2\/product_cat?post=37843"},{"taxonomy":"product_tag","embeddable":true,"href":"https:\/\/www.1000gustos.com\/es\/wp-json\/wp\/v2\/product_tag?post=37843"}],"curies":[{"name":"wp","href":"https:\/\/api.w.org\/{rel}","templated":true}]}}